{"id":86,"date":"2013-09-30T17:03:38","date_gmt":"2013-09-30T17:03:38","guid":{"rendered":"http:\/\/villarrobledo.gestagua.es\/?page_id=86"},"modified":"2023-07-21T12:51:01","modified_gmt":"2023-07-21T11:51:01","slug":"contacto","status":"publish","type":"page","link":"https:\/\/culleredo.gestagua.es\/index.php\/contacto\/","title":{"rendered":"Contacto"},"content":{"rendered":"<p><span style=\"line-height: 1.6;\">R\u00faa Irm\u00e1ns Su\u00e1rez Ferr\u00edn, n\u00ba4 Bajo Derecha<\/span><\/p>\n<p><span style=\"line-height: 1.6;\">15174 CULLEREDO (A CORU\u00d1A)<\/span><\/p>\n<hr \/>\n<h3><strong>Horario:<\/strong><\/h3>\n<p>Lunes a Viernes &#8211; <span style=\"font-size: revert; color: initial;\">Ma\u00f1anas de 9 a 13 h.\u00a0<\/span>Tardes de 16 a 17:30 h.<\/p>\n<h3><strong>Horario verano (1 de junio a 30 de septiembre):<\/strong><\/h3>\n<p>Lunes a Viernes de 08:30 a 13:00<\/p>\n<hr \/>\n<p><strong>Tel\u00e9fono<\/strong>: 900 834 507<\/p>\n<p><strong>Fax: <\/strong>981 666 822<span style=\"background-color: #ffff00;\"><br \/>\n<\/span><\/p>\n<p><strong>Tel\u00e9fono urgencias <\/strong>629 486 973<span style=\"background-color: #ffff00;\"><br \/>\n<\/span><\/p>\n<p><strong>Email<\/strong>: <a href=\"mailto:%20culleredo@gestagua.es\">culleredo@gestagua.es<\/a><\/p>\n","protected":false},"excerpt":{"rendered":"<p>R\u00faa Irm\u00e1ns Su\u00e1rez Ferr\u00edn, n\u00ba4 Bajo Derecha<br \/>\n15174 CULLEREDO (A CORU\u00d1A)<\/p>\n<p>Horario:<br \/>\nLunes a Viernes &#8211; Ma\u00f1anas de 9 a 13 h.\u00a0Tardes de 16 a 17:30 h.<br \/>\nHorario verano (1 de junio a 30 de septiembre):<br \/>\nLunes a Viernes de 08:30 a 13:00<\/p>\n<p>Tel\u00e9fono: 900 834 507<br \/>\nFax: 981 666 822<\/p>\n<p>Tel\u00e9fono urgencias 629 486 973<\/p>\n<p>Email: culleredo@gestagua.es<\/p>\n","protected":false},"author":2,"featured_media":0,"parent":0,"menu_order":0,"comment_status":"open","ping_status":"closed","template":"","meta":[],"_links":{"self":[{"href":"https:\/\/culleredo.gestagua.es\/index.php\/wp-json\/wp\/v2\/pages\/86"}],"collection":[{"href":"https:\/\/culleredo.gestagua.es\/index.php\/wp-json\/wp\/v2\/pages"}],"about":[{"href":"https:\/\/culleredo.gestagua.es\/index.php\/wp-json\/wp\/v2\/types\/page"}],"author":[{"embeddable":true,"href":"https:\/\/culleredo.gestagua.es\/index.php\/wp-json\/wp\/v2\/users\/2"}],"replies":[{"embeddable":true,"href":"https:\/\/culleredo.gestagua.es\/index.php\/wp-json\/wp\/v2\/comments?post=86"}],"version-history":[{"count":24,"href":"https:\/\/culleredo.gestagua.es\/index.php\/wp-json\/wp\/v2\/pages\/86\/revisions"}],"predecessor-version":[{"id":598,"href":"https:\/\/culleredo.gestagua.es\/index.php\/wp-json\/wp\/v2\/pages\/86\/revisions\/598"}],"wp:attachment":[{"href":"https:\/\/culleredo.gestagua.es\/index.php\/wp-json\/wp\/v2\/media?parent=86"}],"curies":[{"name":"wp","href":"https:\/\/api.w.org\/{rel}","templated":true}]}}