
{"id":60,"date":"2013-09-30T16:12:02","date_gmt":"2013-09-30T16:12:02","guid":{"rendered":"http:\/\/villarrobledo.gestagua.es\/?page_id=60"},"modified":"2014-02-24T19:40:44","modified_gmt":"2014-02-24T18:40:44","slug":"obras-y-mejoras","status":"publish","type":"page","link":"https:\/\/culleredo.gestagua.es\/index.php\/obras-y-mejoras\/","title":{"rendered":"Obras y Mejoras"},"content":{"rendered":"<h2>Obras y Mejoras del Servicio<\/h2>\n<p>En el periodo 2012-2013 Gestagua S.A. ha realizado inversiones para la mejora del servicio municipal de saneamiento y agua potable del Concello de Culleredo por un importe total de 271.581,54 \u20ac (sin IVA).<\/p>\n<table width=\"709\" border=\"0\" cellspacing=\"0\" cellpadding=\"0\">\n<tbody>\n<tr>\n<td valign=\"top\" nowrap=\"nowrap\" width=\"529\"><b>INVERSIONES REALIZADAS POR GESTAGUA S.A. EN PERIODO 2012-2013<\/b><\/td>\n<td valign=\"top\" nowrap=\"nowrap\" width=\"103\">\n<p style=\"text-align: center;\"><b>Importe (\u20ac)<\/b><\/p>\n<\/td>\n<\/tr>\n<tr>\n<td valign=\"top\" nowrap=\"nowrap\" width=\"529\">Eliminaci\u00f3n vertido de pluviales a red de fecales en Ledo\u00f1o (entre los n\u00fameros 68 y 69)<\/td>\n<td valign=\"bottom\" nowrap=\"nowrap\" width=\"103\">\n<p align=\"right\">1.163,06<\/p>\n<\/td>\n<\/tr>\n<tr>\n<td valign=\"top\" nowrap=\"nowrap\" width=\"529\">Instalaci\u00f3n nuevos impulsores en bombas n\u00ba 1, 2 y 3 de la EBAR de Aceadama<\/td>\n<td valign=\"bottom\" nowrap=\"nowrap\" width=\"103\">\n<p align=\"right\">6.755,73<\/p>\n<\/td>\n<\/tr>\n<tr>\n<td valign=\"top\" nowrap=\"nowrap\" width=\"529\">Instalaci\u00f3n bater\u00edas de condensadores reactiva en bombeos residuales<\/td>\n<td valign=\"bottom\" nowrap=\"nowrap\" width=\"103\">\n<p align=\"right\">12.850,00<\/p>\n<\/td>\n<\/tr>\n<tr>\n<td valign=\"top\" nowrap=\"nowrap\" width=\"529\">Eliminaci\u00f3n vertido de pluviales a fecales en la c\/ Jos\u00e9 Espronceda (Alvedro)<\/td>\n<td valign=\"bottom\" nowrap=\"nowrap\" width=\"103\">\n<p align=\"right\">1.008,75<\/p>\n<\/td>\n<\/tr>\n<tr>\n<td valign=\"top\" nowrap=\"nowrap\" width=\"529\">Instalaci\u00f3n de red de pluviales en c\/ Ameneiro y Carballo (Almeiras)<\/td>\n<td valign=\"bottom\" nowrap=\"nowrap\" width=\"103\">\n<p align=\"right\">15.205,50<\/p>\n<\/td>\n<\/tr>\n<tr>\n<td valign=\"top\" nowrap=\"nowrap\" width=\"529\">Rehabilitaci\u00f3n colector general saneamiento Vali\u00f1as y Celas a Ledo\u00f1o<\/td>\n<td valign=\"bottom\" nowrap=\"nowrap\" width=\"103\">\n<p align=\"right\">27.482,08<\/p>\n<\/td>\n<\/tr>\n<tr>\n<td valign=\"top\" nowrap=\"nowrap\" width=\"529\">Instalaci\u00f3n alarma de intrusi\u00f3n en los 7 bombeos de aguas residuales<\/td>\n<td valign=\"bottom\" nowrap=\"nowrap\" width=\"103\">\n<p align=\"right\">10.098,00<\/p>\n<\/td>\n<\/tr>\n<tr>\n<td valign=\"top\" nowrap=\"nowrap\" width=\"529\">Mejoras en los aut\u00f3matas y telecontrol de los bombeos residuales de Fonteculler, Acedama y Alvedro<\/td>\n<td valign=\"bottom\" nowrap=\"nowrap\" width=\"103\">\n<p align=\"right\">24.502,98<\/p>\n<\/td>\n<\/tr>\n<tr>\n<td valign=\"top\" nowrap=\"nowrap\" width=\"529\">Instalaci\u00f3n red de pluviales en c\/ Choeira y c\/ Bo Home<\/td>\n<td valign=\"bottom\" nowrap=\"nowrap\" width=\"103\">\n<p align=\"right\">44.666,63<\/p>\n<\/td>\n<\/tr>\n<tr>\n<td valign=\"top\" nowrap=\"nowrap\" width=\"529\">Instalaci\u00f3n nuevo sistema desbaste en bombeo de residuales de Fonteculler<\/td>\n<td valign=\"bottom\" nowrap=\"nowrap\" width=\"103\">\n<p align=\"right\">75.467,00<\/p>\n<\/td>\n<\/tr>\n<tr>\n<td valign=\"top\" nowrap=\"nowrap\" width=\"529\">Instalaci\u00f3n red de saneamiento en Morteiral<\/td>\n<td valign=\"bottom\" nowrap=\"nowrap\" width=\"103\">\n<p align=\"right\">4.460,81<\/p>\n<\/td>\n<\/tr>\n<tr>\n<td valign=\"top\" nowrap=\"nowrap\" width=\"529\">Instalaci\u00f3n red de pluviales en c\/ San Xiao (Almeiras)<\/td>\n<td valign=\"bottom\" nowrap=\"nowrap\" width=\"103\">\n<p align=\"right\">29.020,57<\/p>\n<\/td>\n<\/tr>\n<tr>\n<td valign=\"top\" nowrap=\"nowrap\" width=\"529\">Instalaci\u00f3n red de pluviales en Avda. Almeiras<\/td>\n<td valign=\"bottom\" nowrap=\"nowrap\" width=\"103\">\n<p align=\"right\">3.481,57<\/p>\n<\/td>\n<\/tr>\n<tr>\n<td valign=\"top\" nowrap=\"nowrap\" width=\"529\">Renovaci\u00f3n red de agua, fecales y pluviales edificio c\/ Pablo Picasso n\u00ba 1, 3, 5 y 7<\/td>\n<td valign=\"bottom\" nowrap=\"nowrap\" width=\"103\">\n<p align=\"right\">15.418,86<\/p>\n<\/td>\n<\/tr>\n<tr>\n<td valign=\"top\" nowrap=\"nowrap\" width=\"529\"><\/td>\n<td valign=\"bottom\" nowrap=\"nowrap\" width=\"103\">\n<p align=\"right\"><b>271.581,54<\/b><\/p>\n<\/td>\n<\/tr>\n<\/tbody>\n<\/table>\n\r\n\t\t\t\t<section class='widget widget_recent_works'>\r\n\t\t\t\t\t<div class='grid_3'>\r\n\t\t\t\t\t\t<h2><\/h2>\r\n\t\t\t\t\t\t<p><\/p>\r\n\t\t\t\t\t\t<span id='flexslider-latest-works-prev-931' class='prev-t1'><\/span>\r\n\t\t\t\t\t\t<span id='flexslider-latest-works-next-931' class='next-t1'><\/span>\r\n\t\t\t\t\t<\/div>\r\n\t\t\t\t\t<div class='grid_9'>\r\n\t\t\t\t\t\t<div class='flexslider widget_recent_works-container clearfix' id='flexslider-latest-works-931'>\r\n\t\t\t\t\t\t\t<ul class='slides'>\r\n\t\t\t\t<li>\r\n\t\t\t\t\t<article class='item-con-t1'>\r\n\t\t\t\t\t\t<div class='container-t1'>\r\n\t\t\t\t\t\t\t<div class='container-t1-margin'>\r\n\t\t\t\t\t\t\t\t<header>\r\n\t\t\t\t\t\t\t\t\t<div class='bg-black-045'><\/div>\r\n\t\t\t\t\t\t\t\t\t<h2>Automatismos en Fonteculler, Aceadama y Alvedro<\/h2>\r\n\t\t\t\t\t\t\t\t\t<h3><\/h3>\r\n\t\t\t\t\t\t\t\t<\/header>\r\n\t\t\t\t\t\t\t\t<img src=\"https:\/\/culleredo.gestagua.es\/wp-content\/uploads\/freshizer\/a6cc2c49307ebaa4684079d0e95e0b92_Mejora_Automatismos_EBARs-263-200-c.jpg\" class=\"wp-post-image\" width=\"263\" height=\"200\" alt=\"Automatismos en Fonteculler, Aceadama y Alvedro\"  \/>\r\n\t\t\t\t\t\t\t\t<div class='facilities visible-on-hover'>\r\n\t\t\t\t\t\t\t\t\t<div class='bg-black-045'><\/div>\r\n\t\t\t\t\t\t\t\t\t<div class='image-links'>\r\n\t\t\t\t\t\t\t\t\t\t<a rel='prettyPhoto' title='Automatismos en Fonteculler, Aceadama y Alvedro' href='https:\/\/culleredo.gestagua.es\/wp-content\/uploads\/2013\/12\/Mejora_Automatismos_EBARs.jpg'><span class='zoom'><\/span><\/a>\r\n\t\t\t\t\t\t\t\t\t\t<a title='Automatismos en Fonteculler, Aceadama y Alvedro' href='https:\/\/culleredo.gestagua.es\/index.php\/portfolio\/automatismos-fonteculler-aceadama-y-alvedro\/'><span class='link'><\/span><\/a>\r\n\t\t\t\t\t\t\t\t\t<\/div>\r\n\t\t\t\t\t\t\t\t<\/div>\r\n\t\t\t\t\t\t\t\t\r\n\t\t\t\t\t\t\t<\/div>\r\n\t\t\t\t\t\t<\/div>\r\n\t\t\t\t\t\t<div class='blue-line visible-on-hover tran03slinear'><\/div>\r\n\t\t\t\t\t<\/article>\r\n\t\t\t\t<\/li>\r\n\t\t\t\t<li>\r\n\t\t\t\t\t<article class='item-con-t1'>\r\n\t\t\t\t\t\t<div class='container-t1'>\r\n\t\t\t\t\t\t\t<div class='container-t1-margin'>\r\n\t\t\t\t\t\t\t\t<header>\r\n\t\t\t\t\t\t\t\t\t<div class='bg-black-045'><\/div>\r\n\t\t\t\t\t\t\t\t\t<h2>Red de pluviales en Choeira y Bo Home<\/h2>\r\n\t\t\t\t\t\t\t\t\t<h3><\/h3>\r\n\t\t\t\t\t\t\t\t<\/header>\r\n\t\t\t\t\t\t\t\t<img src=\"https:\/\/culleredo.gestagua.es\/wp-content\/uploads\/freshizer\/5aaff55ea7516b112905894d9c7a76e6_Red_Pluviales_Choeira_BoHome-263-200-c.jpg\" class=\"wp-post-image\" width=\"263\" height=\"200\" alt=\"Red de pluviales en Choeira y Bo Home\"  \/>\r\n\t\t\t\t\t\t\t\t<div class='facilities visible-on-hover'>\r\n\t\t\t\t\t\t\t\t\t<div class='bg-black-045'><\/div>\r\n\t\t\t\t\t\t\t\t\t<div class='image-links'>\r\n\t\t\t\t\t\t\t\t\t\t<a rel='prettyPhoto' title='Red de pluviales en Choeira y Bo Home' href='https:\/\/culleredo.gestagua.es\/wp-content\/uploads\/2013\/12\/Red_Pluviales_Choeira_BoHome.jpg'><span class='zoom'><\/span><\/a>\r\n\t\t\t\t\t\t\t\t\t\t<a title='Red de pluviales en Choeira y Bo Home' href='https:\/\/culleredo.gestagua.es\/index.php\/portfolio\/red-de-pluviales-en-choeira-y-bo-home\/'><span class='link'><\/span><\/a>\r\n\t\t\t\t\t\t\t\t\t<\/div>\r\n\t\t\t\t\t\t\t\t<\/div>\r\n\t\t\t\t\t\t\t\t\r\n\t\t\t\t\t\t\t<\/div>\r\n\t\t\t\t\t\t<\/div>\r\n\t\t\t\t\t\t<div class='blue-line visible-on-hover tran03slinear'><\/div>\r\n\t\t\t\t\t<\/article>\r\n\t\t\t\t<\/li>\r\n\t\t\t\t<li>\r\n\t\t\t\t\t<article class='item-con-t1'>\r\n\t\t\t\t\t\t<div class='container-t1'>\r\n\t\t\t\t\t\t\t<div class='container-t1-margin'>\r\n\t\t\t\t\t\t\t\t<header>\r\n\t\t\t\t\t\t\t\t\t<div class='bg-black-045'><\/div>\r\n\t\t\t\t\t\t\t\t\t<h2>Sistema desbaste en bombeo de residuales de Fonteculler<\/h2>\r\n\t\t\t\t\t\t\t\t\t<h3><\/h3>\r\n\t\t\t\t\t\t\t\t<\/header>\r\n\t\t\t\t\t\t\t\t<img src=\"https:\/\/culleredo.gestagua.es\/wp-content\/uploads\/freshizer\/c843716bec7994bc2d8b25beb9ed5498_Bombeo_Desbaste_Fonteculler-263-200-c.jpg\" class=\"wp-post-image\" width=\"263\" height=\"200\" alt=\"Sistema desbaste en bombeo de residuales de Fonteculler\"  \/>\r\n\t\t\t\t\t\t\t\t<div class='facilities visible-on-hover'>\r\n\t\t\t\t\t\t\t\t\t<div class='bg-black-045'><\/div>\r\n\t\t\t\t\t\t\t\t\t<div class='image-links'>\r\n\t\t\t\t\t\t\t\t\t\t<a rel='prettyPhoto' title='Sistema desbaste en bombeo de residuales de Fonteculler' href='https:\/\/culleredo.gestagua.es\/wp-content\/uploads\/2013\/12\/Bombeo_Desbaste_Fonteculler.jpg'><span class='zoom'><\/span><\/a>\r\n\t\t\t\t\t\t\t\t\t\t<a title='Sistema desbaste en bombeo de residuales de Fonteculler' href='https:\/\/culleredo.gestagua.es\/index.php\/portfolio\/sistema-desbaste-en-bombeo-de-residuales-de-fonteculler\/'><span class='link'><\/span><\/a>\r\n\t\t\t\t\t\t\t\t\t<\/div>\r\n\t\t\t\t\t\t\t\t<\/div>\r\n\t\t\t\t\t\t\t\t\r\n\t\t\t\t\t\t\t<\/div>\r\n\t\t\t\t\t\t<\/div>\r\n\t\t\t\t\t\t<div class='blue-line visible-on-hover tran03slinear'><\/div>\r\n\t\t\t\t\t<\/article>\r\n\t\t\t\t<\/li>\r\n\t\t\t\t<li>\r\n\t\t\t\t\t<article class='item-con-t1'>\r\n\t\t\t\t\t\t<div class='container-t1'>\r\n\t\t\t\t\t\t\t<div class='container-t1-margin'>\r\n\t\t\t\t\t\t\t\t<header>\r\n\t\t\t\t\t\t\t\t\t<div class='bg-black-045'><\/div>\r\n\t\t\t\t\t\t\t\t\t<h2>Red de pluviales en Ameneiro y Carballo (Almeiras)<\/h2>\r\n\t\t\t\t\t\t\t\t\t<h3><\/h3>\r\n\t\t\t\t\t\t\t\t<\/header>\r\n\t\t\t\t\t\t\t\t<img src=\"https:\/\/culleredo.gestagua.es\/wp-content\/uploads\/freshizer\/69aaa20ff940c9bf4de4b4af8097152a_Red_Pluviales_Ameneiro_Carballo_Almeiras-263-200-c.jpg\" class=\"wp-post-image\" width=\"263\" height=\"200\" alt=\"Red de pluviales en Ameneiro y Carballo (Almeiras)\"  \/>\r\n\t\t\t\t\t\t\t\t<div class='facilities visible-on-hover'>\r\n\t\t\t\t\t\t\t\t\t<div class='bg-black-045'><\/div>\r\n\t\t\t\t\t\t\t\t\t<div class='image-links'>\r\n\t\t\t\t\t\t\t\t\t\t<a rel='prettyPhoto' title='Red de pluviales en Ameneiro y Carballo (Almeiras)' href='https:\/\/culleredo.gestagua.es\/wp-content\/uploads\/2013\/12\/Red_Pluviales_Ameneiro_Carballo_Almeiras.jpg'><span class='zoom'><\/span><\/a>\r\n\t\t\t\t\t\t\t\t\t\t<a title='Red de pluviales en Ameneiro y Carballo (Almeiras)' href='https:\/\/culleredo.gestagua.es\/index.php\/portfolio\/red-de-pluviales-en-ameneiro-y-carballo-almeiras\/'><span class='link'><\/span><\/a>\r\n\t\t\t\t\t\t\t\t\t<\/div>\r\n\t\t\t\t\t\t\t\t<\/div>\r\n\t\t\t\t\t\t\t\t\r\n\t\t\t\t\t\t\t<\/div>\r\n\t\t\t\t\t\t<\/div>\r\n\t\t\t\t\t\t<div class='blue-line visible-on-hover tran03slinear'><\/div>\r\n\t\t\t\t\t<\/article>\r\n\t\t\t\t<\/li><\/ul>\r\n\t\t\t\t\t\t<\/div>\r\n\t\t\t\t\t<\/div>\r\n\t\t\t\t<\/section>\r\n\t\t\t\t<script type=\"text\/javascript\">\r\n\t\t\t\tjQuery(document).ready(function() {\r\n\t\t\t\t\tjQuery(\"#flexslider-latest-works-931\").flexslider({\r\n\t\t\t\t\t\tanimation: \"slide\",\r\n\t\t\t\t\t\tanimationLoop: true,\r\n\t\t\t\t\t\titemWidth: 250,\r\n\t\t\t\t\t\titemMargin: 0,\r\n\t\t\t\t\t\tslideshow: false,\r\n\t\t\t\t\t\tcontrolNav: false,\r\n\t\t\t\t\t\tdirectionNav: false,\r\n\t\t\t\t\t\tminItems: 1,\r\n\t\t\t\t\t\tmaxItems:3,\r\n\t\t\t\t\t\tmove: 1\r\n\t\t\t\t\t});\r\n\r\n\t\t\t\t\tjQuery(\"#flexslider-latest-works-prev-931\").click(function(){\r\n\t\t\t\t\t\tjQuery(\"#flexslider-latest-works-931\").flexslider(\"prev\");\r\n\t\t\t\t\t});\r\n\r\n\t\t\t\t\tjQuery(\"#flexslider-latest-works-next-931\").click(function(){\r\n\t\t\t\t\t\tjQuery(\"#flexslider-latest-works-931\").flexslider(\"next\");\r\n\t\t\t\t\t});\r\n\t\t\t\t});\r\n\t\t\t<\/script>\r\n\t\t\t","protected":false},"excerpt":{"rendered":"<p>En las calles Ameneiro y Carballo la red era unitaria por lo que todas las aguas pluviales que recib\u00eda la superficie de las mismas, viviendas y fincas adyacentes eran vertidas a la red de fecales. Para solucionar el problema se instalaron 181 ml de colector de pluviales DN 315 SN 8, 3 sumideros, 18 arquetas &#8230;<\/p>\n","protected":false},"author":2,"featured_media":0,"parent":0,"menu_order":0,"comment_status":"open","ping_status":"closed","template":"","meta":[],"_links":{"self":[{"href":"https:\/\/culleredo.gestagua.es\/index.php\/wp-json\/wp\/v2\/pages\/60"}],"collection":[{"href":"https:\/\/culleredo.gestagua.es\/index.php\/wp-json\/wp\/v2\/pages"}],"about":[{"href":"https:\/\/culleredo.gestagua.es\/index.php\/wp-json\/wp\/v2\/types\/page"}],"author":[{"embeddable":true,"href":"https:\/\/culleredo.gestagua.es\/index.php\/wp-json\/wp\/v2\/users\/2"}],"replies":[{"embeddable":true,"href":"https:\/\/culleredo.gestagua.es\/index.php\/wp-json\/wp\/v2\/comments?post=60"}],"version-history":[{"count":8,"href":"https:\/\/culleredo.gestagua.es\/index.php\/wp-json\/wp\/v2\/pages\/60\/revisions"}],"predecessor-version":[{"id":453,"href":"https:\/\/culleredo.gestagua.es\/index.php\/wp-json\/wp\/v2\/pages\/60\/revisions\/453"}],"wp:attachment":[{"href":"https:\/\/culleredo.gestagua.es\/index.php\/wp-json\/wp\/v2\/media?parent=60"}],"curies":[{"name":"wp","href":"https:\/\/api.w.org\/{rel}","templated":true}]}}