{"id":112,"date":"2013-10-01T07:54:49","date_gmt":"2013-10-01T07:54:49","guid":{"rendered":"http:\/\/villarrobledo.gestagua.es\/?page_id=112"},"modified":"2014-05-07T16:42:38","modified_gmt":"2014-05-07T15:42:38","slug":"preguntas-frecuentes","status":"publish","type":"page","link":"https:\/\/culleredo.gestagua.es\/index.php\/preguntas-frecuentes\/","title":{"rendered":"Preguntas Frecuentes"},"content":{"rendered":"<h3 style=\"text-align: justify;\">Preguntas Frecuentes<\/h3>\n<p style=\"text-align: justify;\"><section class=\"widget widget_accordion accordion_style2\">\r\n\t\t\t<ul>\r\n\t\t\t\t\r\n\t\t\t<li class=\"item \">\r\n\t\t\t\t<article>\r\n\t\t\t\t\t<footer class=\"button\">\r\n\t\t\t\t\t\t<span>+<\/span>\r\n\t\t\t\t\t\t<span>-<\/span>\r\n\t\t\t\t\t<\/footer>\r\n\t\t\t\t\t<header>\r\n\t\t\t\t\t\t<h2 class=\"tran03slinear\">Soporte T\u00e9cnico<\/h2>\r\n\t\t\t\t\t<\/header>\r\n\t\t\t\t\t<div class=\"item-container\" >\r\n\t\t\t\t\t\tSi tiene alg\u00fan problema con el funcionamiento de esta sede puede contactar con nosotros a trav\u00e9s del siguiente canal <a href=\"mailto: culleredo@gestagua.es\">culleredo@gestagua.es<\/a>\r\n\t\t\t\t\t<\/div>\r\n\t\t\t\t<\/article>\r\n\t\t\t<\/li>\r\n\t\t\t<\/ul>\r\n\t\t<\/section>\n<p style=\"text-align: justify;\"><span style=\"line-height: 1.6;\"><section class=\"widget widget_accordion accordion_style2\">\r\n\t\t\t<ul>\r\n\t\t\t\t\r\n\t\t\t<li class=\"item \">\r\n\t\t\t\t<article>\r\n\t\t\t\t\t<footer class=\"button\">\r\n\t\t\t\t\t\t<span>+<\/span>\r\n\t\t\t\t\t\t<span>-<\/span>\r\n\t\t\t\t\t<\/footer>\r\n\t\t\t\t\t<header>\r\n\t\t\t\t\t\t<h2 class=\"tran03slinear\">Quien puede utilizar la oficina virtual<\/h2>\r\n\t\t\t\t\t<\/header>\r\n\t\t\t\t\t<div class=\"item-container\" >\r\n\t\t\t\t\t\t<\/span><span style=\"line-height: 1.6;\">Todos los abonados que opten por interactuar con GESTAGUA a trav\u00e9s de Internet.<\/span><\/p>\n<p style=\"text-align: justify;\"><span style=\"line-height: 1.6;\">La Sede electr\u00f3nica estar\u00e1 disponible durante las 24 horas los 365 d\u00edas del a\u00f1o. Atendiendo al calendario de d\u00edas inh\u00e1biles vigentes, los tr\u00e1mites realizados en un d\u00eda inh\u00e1bil se entender\u00e1n efectuados el primer d\u00eda h\u00e1bil siguiente.<\/span><span style=\"line-height: 1.6;\">\r\n\t\t\t\t\t<\/div>\r\n\t\t\t\t<\/article>\r\n\t\t\t<\/li>\r\n\t\t\t<\/ul>\r\n\t\t<\/section><\/span><\/p>\n<p style=\"text-align: justify;\"><section class=\"widget widget_accordion accordion_style2\">\r\n\t\t\t<ul>\r\n\t\t\t\t\r\n\t\t\t<li class=\"item \">\r\n\t\t\t\t<article>\r\n\t\t\t\t\t<footer class=\"button\">\r\n\t\t\t\t\t\t<span>+<\/span>\r\n\t\t\t\t\t\t<span>-<\/span>\r\n\t\t\t\t\t<\/footer>\r\n\t\t\t\t\t<header>\r\n\t\t\t\t\t\t<h2 class=\"tran03slinear\">\u00bfC\u00f3mo se accede a la oficina virtual?<\/h2>\r\n\t\t\t\t\t<\/header>\r\n\t\t\t\t\t<div class=\"item-container\" >\r\n\t\t\t\t\t\tEl acceso a la Oficina Virtual se puede realizar a trav\u00e9s de <a href=\"https:\/\/ofv.gestagua.es\/OficinaVirtual\/?srv=1502\" target=\"_blank\">este enlace<\/a>.\r\n\t\t\t\t\t<\/div>\r\n\t\t\t\t<\/article>\r\n\t\t\t<\/li>\r\n\t\t\t<\/ul>\r\n\t\t<\/section>\n<p style=\"text-align: justify;\"><section class=\"widget widget_accordion accordion_style2\">\r\n\t\t\t<ul>\r\n\t\t\t\t\r\n\t\t\t<li class=\"item \">\r\n\t\t\t\t<article>\r\n\t\t\t\t\t<footer class=\"button\">\r\n\t\t\t\t\t\t<span>+<\/span>\r\n\t\t\t\t\t\t<span>-<\/span>\r\n\t\t\t\t\t<\/footer>\r\n\t\t\t\t\t<header>\r\n\t\t\t\t\t\t<h2 class=\"tran03slinear\">\u00bfC\u00f3mo me identifico para poder realizar un tr\u00e1mite o servicio?<\/h2>\r\n\t\t\t\t\t<\/header>\r\n\t\t\t\t\t<div class=\"item-container\" >\r\n\t\t\t\t\t\tExisten dos formas:<br \/>\nSe accede mediante un nombre de usuario y una clave. Si no dispone de usuario puede registrarse a trav\u00e9s de <a href=\"https:\/\/ofv.gestagua.es\/OficinaVirtual\/peticionRegistro.jsp\" target=\"_blank\">este enlace<\/a>.\r\n\t\t\t\t\t<\/div>\r\n\t\t\t\t<\/article>\r\n\t\t\t<\/li>\r\n\t\t\t<\/ul>\r\n\t\t<\/section>\n<p style=\"text-align: justify;\"><section class=\"widget widget_accordion accordion_style2\">\r\n\t\t\t<ul>\r\n\t\t\t\t\r\n\t\t\t<li class=\"item \">\r\n\t\t\t\t<article>\r\n\t\t\t\t\t<footer class=\"button\">\r\n\t\t\t\t\t\t<span>+<\/span>\r\n\t\t\t\t\t\t<span>-<\/span>\r\n\t\t\t\t\t<\/footer>\r\n\t\t\t\t\t<header>\r\n\t\t\t\t\t\t<h2 class=\"tran03slinear\">\u00bfPuedo cambiar cuando quiera mi clave de acceso?<\/h2>\r\n\t\t\t\t\t<\/header>\r\n\t\t\t\t\t<div class=\"item-container\" >\r\n\t\t\t\t\t\tS\u00ed. Puede modificar su clave de acceso despu\u00e9s de haberse identificado dentro de la secci\u00f3n de &#8220;Modificaci\u00f3n de datos&#8221;.\r\n\t\t\t\t\t<\/div>\r\n\t\t\t\t<\/article>\r\n\t\t\t<\/li>\r\n\t\t\t<\/ul>\r\n\t\t<\/section>\n<p style=\"text-align: justify;\"><section class=\"widget widget_accordion accordion_style2\">\r\n\t\t\t<ul>\r\n\t\t\t\t\r\n\t\t\t<li class=\"item \">\r\n\t\t\t\t<article>\r\n\t\t\t\t\t<footer class=\"button\">\r\n\t\t\t\t\t\t<span>+<\/span>\r\n\t\t\t\t\t\t<span>-<\/span>\r\n\t\t\t\t\t<\/footer>\r\n\t\t\t\t\t<header>\r\n\t\t\t\t\t\t<h2 class=\"tran03slinear\">\u00bfC\u00f3mo accedo a mis facturas en formato electr\u00f3nico?<\/h2>\r\n\t\t\t\t\t<\/header>\r\n\t\t\t\t\t<div class=\"item-container\" >\r\n\t\t\t\t\t\t<p style=\"text-align: justify;\">Se puede obtener cualquier factura desde la secci\u00f3n de &#8220;Datos de abonado&#8221; pulsando sobre la pesta\u00f1a &#8220;Facturas&#8221;.<\/p>\n<p style=\"text-align: justify;\">Una vez seleccionada la factura deseada, aparecer\u00e1 una ventana con el desglose de la factura y un bot\u00f3n &#8220;Descargar factura&#8221;, que le permitir\u00e1 realizar la descarga de la factura en formato PDF.\r\n\t\t\t\t\t<\/div>\r\n\t\t\t\t<\/article>\r\n\t\t\t<\/li>\r\n\t\t\t<\/ul>\r\n\t\t<\/section>\n<p style=\"text-align: justify;\">\n","protected":false},"excerpt":{"rendered":"<p>Preguntas Frecuentes<\/p>\n","protected":false},"author":2,"featured_media":0,"parent":0,"menu_order":0,"comment_status":"open","ping_status":"closed","template":"","meta":[],"_links":{"self":[{"href":"https:\/\/culleredo.gestagua.es\/index.php\/wp-json\/wp\/v2\/pages\/112"}],"collection":[{"href":"https:\/\/culleredo.gestagua.es\/index.php\/wp-json\/wp\/v2\/pages"}],"about":[{"href":"https:\/\/culleredo.gestagua.es\/index.php\/wp-json\/wp\/v2\/types\/page"}],"author":[{"embeddable":true,"href":"https:\/\/culleredo.gestagua.es\/index.php\/wp-json\/wp\/v2\/users\/2"}],"replies":[{"embeddable":true,"href":"https:\/\/culleredo.gestagua.es\/index.php\/wp-json\/wp\/v2\/comments?post=112"}],"version-history":[{"count":10,"href":"https:\/\/culleredo.gestagua.es\/index.php\/wp-json\/wp\/v2\/pages\/112\/revisions"}],"predecessor-version":[{"id":498,"href":"https:\/\/culleredo.gestagua.es\/index.php\/wp-json\/wp\/v2\/pages\/112\/revisions\/498"}],"wp:attachment":[{"href":"https:\/\/culleredo.gestagua.es\/index.php\/wp-json\/wp\/v2\/media?parent=112"}],"curies":[{"name":"wp","href":"https:\/\/api.w.org\/{rel}","templated":true}]}}